{"id":1472,"date":"2026-03-10T08:19:54","date_gmt":"2026-03-10T08:19:54","guid":{"rendered":"https:\/\/bsw-c.com\/?page_id=1472"},"modified":"2026-04-02T18:41:59","modified_gmt":"2026-04-02T18:41:59","slug":"datenschutz","status":"publish","type":"page","link":"https:\/\/bsw-c.com\/en\/datenschutz\/","title":{"rendered":"Data Protection"},"content":{"rendered":"<div>\n<ol class=\"wp-block-list has-medium-font-size\">\n<li>Datenschutz auf einen Blick<\/li>\n<\/ol>\n\n\n\n<p>Allgemeine Hinweise<br>Die folgenden Hinweise geben einen einfachen \u00dcberblick dar\u00fcber, was mit Ihren personenbezogenen Daten passiert, wenn Sie diese Website besuchen.<br>Personenbezogene Daten sind alle Daten, mit denen Sie pers\u00f6nlich identifiziert werden k\u00f6nnen.<\/p>\n\n\n\n<p>Die Datenverarbeitung auf dieser Website erfolgt durch den Websitebetreiber.<\/p>\n\n\n\n<p>Verantwortliche Stelle ist:<\/p>\n\n\n\n<p>BSWC GmbH<br>Am Kielsgraben 8<br>40789 Monheim am Rhein<\/p>\n\n\n\n<p>E-Mail: info@bsw-c.com<br>Telefon: 02173 999 44 33<\/p>\n<\/div>\n\n\n\n<div>\n<ol start=\"2\" class=\"wp-block-list has-medium-font-size\">\n<li>Hosting<\/li>\n<\/ol>\n\n\n\n<p>Diese Website wird bei einem externen Dienstleister gehostet.<br>Die personenbezogenen Daten, die auf dieser Website erfasst werden, werden auf den Servern des Hosters gespeichert.<\/p>\n\n\n\n<p>Hierbei kann es sich insbesondere um IP-Adressen, Kontaktanfragen, Meta- und Kommunikationsdaten, Vertragsdaten, Kontaktdaten, Namen und sonstige Daten handeln, die \u00fcber eine Website generiert werden.<\/p>\n\n\n\n<p>Der Einsatz des Hosters erfolgt zum Zweck der Vertragserf\u00fcllung gegen\u00fcber unseren potenziellen und bestehenden Kunden sowie im Interesse einer sicheren, schnellen und effizienten Bereitstellung unseres Online-Angebots.<\/p>\n<\/div>\n\n\n\n<div>\n<ol start=\"3\" class=\"wp-block-list has-medium-font-size\">\n<li>Allgemeine Hinweise und Pflichtinformationen<\/li>\n<\/ol>\n\n\n\n<p>Data Protection<br>Die Betreiber dieser Seiten nehmen den Schutz Ihrer pers\u00f6nlichen Daten sehr ernst.<br>Wir behandeln Ihre personenbezogenen Daten vertraulich und entsprechend den gesetzlichen Datenschutzvorschriften sowie dieser Datenschutzerkl\u00e4rung.<\/p>\n\n\n\n<p>Wenn Sie diese Website benutzen, werden verschiedene personenbezogene Daten erhoben.<br>Personenbezogene Daten sind Daten, mit denen Sie pers\u00f6nlich identifiziert werden k\u00f6nnen.<\/p>\n\n\n\n<p>Hinweis zur verantwortlichen Stelle<\/p>\n\n\n\n<p>Die verantwortliche Stelle f\u00fcr die Datenverarbeitung auf dieser Website ist:<\/p>\n\n\n\n<p>BSWC GmbH<br>Am Kielsgraben 8<br>40789 Monheim am Rhein<\/p>\n\n\n\n<p>E-Mail: info@bsw-c.com<br>Telefon: 02173 999 44 33<\/p>\n<\/div>\n\n\n\n<div>\n<ol start=\"4\" class=\"wp-block-list has-medium-font-size\">\n<li>Ihre Rechte<\/li>\n<\/ol>\n\n\n\n<p>Sie haben jederzeit das Recht auf:<\/p>\n\n\n\n<p>Auskunft \u00fcber Ihre gespeicherten Daten<br>Berichtigung unrichtiger Daten<br>L\u00f6schung Ihrer Daten<br>Einschr\u00e4nkung der Verarbeitung<br>Widerspruch gegen die Verarbeitung<br>Daten\u00fcbertragbarkeit<\/p>\n\n\n\n<p>Au\u00dferdem haben Sie das Recht, sich bei der zust\u00e4ndigen Aufsichtsbeh\u00f6rde zu beschweren.<\/p>\n<\/div>\n\n\n\n<div>\n<ol start=\"5\" class=\"wp-block-list has-medium-font-size\">\n<li>Datenerfassung auf dieser Website<\/li>\n<\/ol>\n\n\n\n<p>Server-Log-Dateien<\/p>\n\n\n\n<p>Der Provider der Seiten erhebt und speichert automatisch Informationen in sogenannten Server-Log-Dateien, die Ihr Browser automatisch \u00fcbermittelt.<\/p>\n\n\n\n<p>Dies sind:<\/p>\n\n\n\n<p>Browsertyp<br>Betriebssystem<br>Referrer URL<br>Hostname des zugreifenden Rechners<br>Uhrzeit der Serveranfrage<br>IP-Adresse<\/p>\n\n\n\n<p>Diese Daten werden nicht mit anderen Datenquellen zusammengef\u00fchrt.<\/p>\n<\/div>\n\n\n\n<div>\n<ol start=\"6\" class=\"wp-block-list has-medium-font-size\">\n<li>Kontaktaufnahme<\/li>\n<\/ol>\n\n\n\n<p>Wenn Sie uns per E-Mail kontaktieren, werden Ihre Angaben inklusive der von Ihnen dort angegebenen Kontaktdaten zum Zwecke der Bearbeitung der Anfrage gespeichert.<\/p>\n\n\n\n<p>Diese Daten geben wir nicht ohne Ihre Einwilligung weiter.<\/p>\n<\/div>\n\n\n\n<div>\n<ol start=\"7\" class=\"wp-block-list has-medium-font-size\">\n<li>SSL- bzw. TLS-Verschl\u00fcsselung<\/li>\n<\/ol>\n\n\n\n<p>Diese Seite nutzt aus Sicherheitsgr\u00fcnden und zum Schutz der \u00dcbertragung vertraulicher Inhalte eine SSL- bzw. TLS-Verschl\u00fcsselung.<\/p>\n\n\n\n<p>Eine verschl\u00fcsselte Verbindung erkennen Sie daran, dass die Adresszeile des Browsers mit &#8222;https:\/\/&#8220; beginnt.<\/p>\n<\/div>","protected":false},"excerpt":{"rendered":"<p>Allgemeine HinweiseDie folgenden Hinweise geben einen einfachen \u00dcberblick dar\u00fcber, was mit Ihren personenbezogenen Daten passiert, wenn Sie diese Website besuchen.Personenbezogene Daten sind alle Daten, mit denen Sie pers\u00f6nlich identifiziert werden k\u00f6nnen. Die Datenverarbeitung auf dieser Website erfolgt durch den Websitebetreiber. Verantwortliche Stelle ist: BSWC GmbHAm Kielsgraben 840789 Monheim am Rhein E-Mail: info@bsw-c.comTelefon: 02173 999 44 &#8230; <a title=\"Data Protection\" class=\"read-more\" href=\"https:\/\/bsw-c.com\/en\/datenschutz\/\" aria-label=\"Read more about Datenschutz\">Read more<\/a><\/p>","protected":false},"author":2,"featured_media":0,"parent":0,"menu_order":0,"comment_status":"closed","ping_status":"closed","template":"","meta":{"footnotes":""},"class_list":["post-1472","page","type-page","status-publish"],"_links":{"self":[{"href":"https:\/\/bsw-c.com\/en\/wp-json\/wp\/v2\/pages\/1472","targetHints":{"allow":["GET"]}}],"collection":[{"href":"https:\/\/bsw-c.com\/en\/wp-json\/wp\/v2\/pages"}],"about":[{"href":"https:\/\/bsw-c.com\/en\/wp-json\/wp\/v2\/types\/page"}],"author":[{"embeddable":true,"href":"https:\/\/bsw-c.com\/en\/wp-json\/wp\/v2\/users\/2"}],"replies":[{"embeddable":true,"href":"https:\/\/bsw-c.com\/en\/wp-json\/wp\/v2\/comments?post=1472"}],"version-history":[{"count":3,"href":"https:\/\/bsw-c.com\/en\/wp-json\/wp\/v2\/pages\/1472\/revisions"}],"predecessor-version":[{"id":1524,"href":"https:\/\/bsw-c.com\/en\/wp-json\/wp\/v2\/pages\/1472\/revisions\/1524"}],"wp:attachment":[{"href":"https:\/\/bsw-c.com\/en\/wp-json\/wp\/v2\/media?parent=1472"}],"curies":[{"name":"wp","href":"https:\/\/api.w.org\/{rel}","templated":true}]}}