{"id":1474,"date":"2026-03-10T08:20:12","date_gmt":"2026-03-10T08:20:12","guid":{"rendered":"https:\/\/bsw-c.com\/?page_id=1474"},"modified":"2026-04-02T18:44:10","modified_gmt":"2026-04-02T18:44:10","slug":"impressum","status":"publish","type":"page","link":"https:\/\/bsw-c.com\/en\/impressum\/","title":{"rendered":"Imprint"},"content":{"rendered":"<div>\n<div class=\"gb-element-4bfa94c1\">\n<img decoding=\"async\" width=\"1922\" height=\"683\" class=\"gb-media-42facd14 lazyload\" alt=\"\" title=\"BSWC Logo II\" data-src=\"https:\/\/bsw-c.com\/wp-content\/uploads\/2026\/03\/BSWC-Logo-II.png\" data-srcset=\"https:\/\/bsw-c.com\/wp-content\/uploads\/2026\/03\/BSWC-Logo-II.png 1922w, https:\/\/bsw-c.com\/wp-content\/uploads\/2026\/03\/BSWC-Logo-II-300x107.png 300w, https:\/\/bsw-c.com\/wp-content\/uploads\/2026\/03\/BSWC-Logo-II-1024x364.png 1024w, https:\/\/bsw-c.com\/wp-content\/uploads\/2026\/03\/BSWC-Logo-II-768x273.png 768w, https:\/\/bsw-c.com\/wp-content\/uploads\/2026\/03\/BSWC-Logo-II-1536x546.png 1536w\" data-sizes=\"(max-width: 1922px) 100vw, 1922px\" src=\"data:image\/svg+xml;base64,PHN2ZyB3aWR0aD0iMSIgaGVpZ2h0PSIxIiB4bWxucz0iaHR0cDovL3d3dy53My5vcmcvMjAwMC9zdmciPjwvc3ZnPg==\" style=\"--smush-placeholder-width: 1922px; --smush-placeholder-aspect-ratio: 1922\/683;\" \/>\n<\/div>\n\n\n\n<div class=\"gb-element-95e9fc0f\">\n<p>Angaben gem\u00e4\u00df \u00a7 5 DDG<\/p>\n\n\n\n<p>BSWC GmbH<br>Am Kielsgraben 8<br>40789 Monheim am Rhein<\/p>\n\n\n\n<p>Handelsregister: HRB 108083<br>Registergericht: Amtsgericht D\u00fcsseldorf<\/p>\n\n\n\n<p>Steuernummer: 135\/5709\/1100<\/p>\n\n\n\n<p>Vertreten durch die Gesch\u00e4ftsf\u00fchrer:<br>Karim Lahmidi<br>Thomas Star<\/p>\n\n\n\n<p>Contact<br>E-Mail: info@bsw-c.com<br>Telefon: 02173 999 44 33<\/p>\n\n\n\n<p>EU-Streitschlichtung<br>Die Europ\u00e4ische Kommission stellt eine Plattform zur Online-Streitbeilegung (OS) bereit.<\/p>\n\n\n\n<p>Verbraucherstreitbeilegung<br>Wir sind nicht bereit und nicht verpflichtet, an Streitbeilegungsverfahren vor einer Verbraucherschlichtungsstelle teilzunehmen.<\/p>\n<\/div>\n<\/div>","protected":false},"excerpt":{"rendered":"<p>Angaben gem\u00e4\u00df \u00a7 5 DDG BSWC GmbHAm Kielsgraben 840789 Monheim am Rhein Handelsregister: HRB 108083Registergericht: Amtsgericht D\u00fcsseldorf Steuernummer: 135\/5709\/1100 Vertreten durch die Gesch\u00e4ftsf\u00fchrer:Karim LahmidiThomas Star KontaktE-Mail: info@bsw-c.comTelefon: 02173 999 44 33 EU-StreitschlichtungDie Europ\u00e4ische Kommission stellt eine Plattform zur Online-Streitbeilegung (OS) bereit. VerbraucherstreitbeilegungWir sind nicht bereit und nicht verpflichtet, an Streitbeilegungsverfahren vor einer Verbraucherschlichtungsstelle teilzunehmen.<\/p>","protected":false},"author":2,"featured_media":0,"parent":0,"menu_order":0,"comment_status":"closed","ping_status":"closed","template":"","meta":{"footnotes":""},"class_list":["post-1474","page","type-page","status-publish"],"_links":{"self":[{"href":"https:\/\/bsw-c.com\/en\/wp-json\/wp\/v2\/pages\/1474","targetHints":{"allow":["GET"]}}],"collection":[{"href":"https:\/\/bsw-c.com\/en\/wp-json\/wp\/v2\/pages"}],"about":[{"href":"https:\/\/bsw-c.com\/en\/wp-json\/wp\/v2\/types\/page"}],"author":[{"embeddable":true,"href":"https:\/\/bsw-c.com\/en\/wp-json\/wp\/v2\/users\/2"}],"replies":[{"embeddable":true,"href":"https:\/\/bsw-c.com\/en\/wp-json\/wp\/v2\/comments?post=1474"}],"version-history":[{"count":10,"href":"https:\/\/bsw-c.com\/en\/wp-json\/wp\/v2\/pages\/1474\/revisions"}],"predecessor-version":[{"id":1525,"href":"https:\/\/bsw-c.com\/en\/wp-json\/wp\/v2\/pages\/1474\/revisions\/1525"}],"wp:attachment":[{"href":"https:\/\/bsw-c.com\/en\/wp-json\/wp\/v2\/media?parent=1474"}],"curies":[{"name":"wp","href":"https:\/\/api.w.org\/{rel}","templated":true}]}}