{"id":1581,"date":"2026-04-09T19:24:40","date_gmt":"2026-04-09T19:24:40","guid":{"rendered":"https:\/\/bsw-c.com\/?page_id=1581"},"modified":"2026-04-09T19:24:40","modified_gmt":"2026-04-09T19:24:40","slug":"cookie-richtlinie","status":"publish","type":"page","link":"https:\/\/bsw-c.com\/en\/cookie-richtlinie\/","title":{"rendered":"Cookie &#8211; Richtlinie"},"content":{"rendered":"<p>Auf dieser Website werden Cookies verwendet, um die technische Funktion sicherzustellen und Einstellungen zu speichern.<\/p>\n\n\n\n<p>Notwendige Cookies sind f\u00fcr den Betrieb der Website erforderlich und k\u00f6nnen nicht deaktiviert werden.<\/p>\n\n\n\n<p>Optionale Cookies (z. B. f\u00fcr Statistik oder externe Inhalte) werden nur nach Ihrer Einwilligung gesetzt.<\/p>\n\n\n\n<p>Weitere Details zu den verwendeten Cookies, ihrer Speicherdauer und ihrem Zweck finden Sie in den Cookie-Einstellungen.<\/p>\n\n\n\n<p><\/p>","protected":false},"excerpt":{"rendered":"<p>Auf dieser Website werden Cookies verwendet, um die technische Funktion sicherzustellen und Einstellungen zu speichern. Notwendige Cookies sind f\u00fcr den Betrieb der Website erforderlich und k\u00f6nnen nicht deaktiviert werden. Optionale Cookies (z. B. f\u00fcr Statistik oder externe Inhalte) werden nur nach Ihrer Einwilligung gesetzt. Weitere Details zu den verwendeten Cookies, ihrer Speicherdauer und ihrem Zweck &#8230; <a title=\"Cookie &#8211; Richtlinie\" class=\"read-more\" href=\"https:\/\/bsw-c.com\/en\/cookie-richtlinie\/\" aria-label=\"Read more about Cookie &#8211; Richtlinie\">Read more<\/a><\/p>","protected":false},"author":2,"featured_media":0,"parent":0,"menu_order":0,"comment_status":"closed","ping_status":"closed","template":"","meta":{"footnotes":""},"class_list":["post-1581","page","type-page","status-publish"],"_links":{"self":[{"href":"https:\/\/bsw-c.com\/en\/wp-json\/wp\/v2\/pages\/1581","targetHints":{"allow":["GET"]}}],"collection":[{"href":"https:\/\/bsw-c.com\/en\/wp-json\/wp\/v2\/pages"}],"about":[{"href":"https:\/\/bsw-c.com\/en\/wp-json\/wp\/v2\/types\/page"}],"author":[{"embeddable":true,"href":"https:\/\/bsw-c.com\/en\/wp-json\/wp\/v2\/users\/2"}],"replies":[{"embeddable":true,"href":"https:\/\/bsw-c.com\/en\/wp-json\/wp\/v2\/comments?post=1581"}],"version-history":[{"count":1,"href":"https:\/\/bsw-c.com\/en\/wp-json\/wp\/v2\/pages\/1581\/revisions"}],"predecessor-version":[{"id":1582,"href":"https:\/\/bsw-c.com\/en\/wp-json\/wp\/v2\/pages\/1581\/revisions\/1582"}],"wp:attachment":[{"href":"https:\/\/bsw-c.com\/en\/wp-json\/wp\/v2\/media?parent=1581"}],"curies":[{"name":"wp","href":"https:\/\/api.w.org\/{rel}","templated":true}]}}